{"id":4,"date":"2014-02-24T10:49:50","date_gmt":"2014-02-24T09:49:50","guid":{"rendered":"http:\/\/feniks-engineering.com\/?page_id=4"},"modified":"2025-04-25T11:39:09","modified_gmt":"2025-04-25T10:39:09","slug":"home","status":"publish","type":"page","link":"https:\/\/feniks-engineering.com\/en\/","title":{"rendered":"Home"},"content":{"rendered":"<div class=\"row\"><div class=\"columns six\"><p>Welkom bij ons onafhankelijk ingenieursbureau. Sinds 1994 zijn wij een toonaangevende speler op het gebied van productontwikkeling en machineontwerp. Wij zetten ons in voor duurzame en circulaire oplossingen die bijdragen aan een betere toekomst.<\/p>\n<p>Onze kracht ligt in innovatie en het vermogen om baanbrekende idee\u00ebn om te zetten in realiteit. Bij alles wat we doen, staat de mens centraal. We streven ernaar om niet alleen technische excellentie te bieden, maar ook om onze klanten en hun behoeften centraal te stellen in elk project.<\/p>\n<p>Ontdek hoe wij met onze jarenlange expertise en toewijding aan duurzaamheid en circulariteit uw visie kunnen realiseren. Samen bouwen we aan een innovatieve en verantwoorde toekomst.<\/p>\n<p><a class=\"button\" href=\"\/over-ons\/\">Over Feniks Engineering<\/a><\/p>\n<div style=\"overflow: hidden; height: 1px;\">Las farmacias online suelen tener una gama m\u00e1s amplia de pastillas para la erecci\u00f3n que las farmacias f\u00edsicas. Esto significa que puede <a href=\"http:\/\/www.ansaberesurgical.com\/comprar-cialis-generico-online-en-espana\/\">comprar Cialis<\/a> m\u00e1s barata y a mejor precio, incluidas las versiones gen\u00e9ricas. Esta variedad le permite elegir la opci\u00f3n que mejor se adapte a sus necesidades y presupuesto. Adem\u00e1s, las farmacias en l\u00ednea son accesibles las 24 horas del d\u00eda, los 7 d\u00edas de la semana, por lo que puede realizar pedidos cuando m\u00e1s le convenga, ya sea de d\u00eda o de noche. Esta accesibilidad es especialmente beneficiosa si necesita una reposici\u00f3n o un medicamento urgente.<\/div>\n<\/div>\n<div class=\"columns six\"><ul class=\"homelist\">\n<li class=\"productontwikkeling\"><a href=\"\/diensten\/productontwikkeling\">Productontwikkeling<\/a><\/li>\n<li class=\"industrieel\"><a href=\"\/diensten\/industrieel-ontwerp\">Industrieel ontwerp<\/a><\/li>\n<li class=\"projectmanagement\"><a href=\"\/diensten\/projectmanagement\">Projectmanagement<\/a><\/li>\n<li class=\"machines\"><a href=\"\/diensten\/ontwikkeling-en-productie-van-speciaal-machines\">(Speciaal) machines<\/a><\/li>\n<li class=\"interieur\"><a href=\"\/diensten\/interieur-ontwerp\">Interieur ontwerp<\/a><\/li>\n<li class=\"analyse\"><a href=\"\/diensten\/eindige-elementen\">Analyses van eindige elementen.<\/a><\/li>\n<\/ul>\n<\/div><\/div>\n","protected":false},"excerpt":{"rendered":"","protected":false},"author":1,"featured_media":0,"parent":0,"menu_order":0,"comment_status":"closed","ping_status":"open","template":"frontpage.php","meta":{"footnotes":""},"class_list":["post-4","page","type-page","status-publish","hentry"],"yoast_head":"<!-- This site is optimized with the Yoast SEO plugin v27.4 - https:\/\/yoast.com\/product\/yoast-seo-wordpress\/ -->\n<title>HomeHome - Feniks Engineering<\/title>\n<meta name=\"robots\" content=\"index, follow, max-snippet:-1, max-image-preview:large, max-video-preview:-1\" \/>\n<link rel=\"canonical\" href=\"https:\/\/feniks-engineering.com\/\" \/>\n<meta property=\"og:locale\" content=\"en_US\" \/>\n<meta property=\"og:type\" content=\"article\" \/>\n<meta property=\"og:title\" content=\"HomeHome - Feniks Engineering\" \/>\n<meta property=\"og:url\" content=\"https:\/\/feniks-engineering.com\/\" \/>\n<meta property=\"og:site_name\" content=\"Feniks Engineering\" \/>\n<meta property=\"article:modified_time\" content=\"2025-04-25T10:39:09+00:00\" \/>\n<meta name=\"twitter:card\" content=\"summary_large_image\" \/>\n<meta name=\"twitter:label1\" content=\"Est. reading time\" \/>\n\t<meta name=\"twitter:data1\" content=\"2 minutes\" \/>\n<script type=\"application\/ld+json\" class=\"yoast-schema-graph\">{\"@context\":\"https:\\\/\\\/schema.org\",\"@graph\":[{\"@type\":\"WebPage\",\"@id\":\"https:\\\/\\\/feniks-engineering.com\\\/\",\"url\":\"https:\\\/\\\/feniks-engineering.com\\\/\",\"name\":\"HomeHome - Feniks Engineering\",\"isPartOf\":{\"@id\":\"https:\\\/\\\/feniks-engineering.com\\\/#website\"},\"datePublished\":\"2014-02-24T09:49:50+00:00\",\"dateModified\":\"2025-04-25T10:39:09+00:00\",\"breadcrumb\":{\"@id\":\"https:\\\/\\\/feniks-engineering.com\\\/#breadcrumb\"},\"inLanguage\":\"en-US\",\"potentialAction\":[{\"@type\":\"ReadAction\",\"target\":[\"https:\\\/\\\/feniks-engineering.com\\\/\"]}]},{\"@type\":\"BreadcrumbList\",\"@id\":\"https:\\\/\\\/feniks-engineering.com\\\/#breadcrumb\",\"itemListElement\":[{\"@type\":\"ListItem\",\"position\":1,\"name\":\"Home\",\"item\":\"https:\\\/\\\/feniks-engineering.com\\\/\"},{\"@type\":\"ListItem\",\"position\":2,\"name\":\"Home\"}]},{\"@type\":\"WebSite\",\"@id\":\"https:\\\/\\\/feniks-engineering.com\\\/#website\",\"url\":\"https:\\\/\\\/feniks-engineering.com\\\/\",\"name\":\"Feniks Engineering\",\"description\":\"Advice  Design  Solution\",\"publisher\":{\"@id\":\"https:\\\/\\\/feniks-engineering.com\\\/#organization\"},\"potentialAction\":[{\"@type\":\"SearchAction\",\"target\":{\"@type\":\"EntryPoint\",\"urlTemplate\":\"https:\\\/\\\/feniks-engineering.com\\\/?s={search_term_string}\"},\"query-input\":{\"@type\":\"PropertyValueSpecification\",\"valueRequired\":true,\"valueName\":\"search_term_string\"}}],\"inLanguage\":\"en-US\"},{\"@type\":\"Organization\",\"@id\":\"https:\\\/\\\/feniks-engineering.com\\\/#organization\",\"name\":\"Feniks Engineering\",\"url\":\"https:\\\/\\\/feniks-engineering.com\\\/\",\"logo\":{\"@type\":\"ImageObject\",\"inLanguage\":\"en-US\",\"@id\":\"https:\\\/\\\/feniks-engineering.com\\\/#\\\/schema\\\/logo\\\/image\\\/\",\"url\":\"https:\\\/\\\/feniks-engineering.com\\\/wp-content\\\/uploads\\\/2021\\\/10\\\/logo-feniks-thok.jpg\",\"contentUrl\":\"https:\\\/\\\/feniks-engineering.com\\\/wp-content\\\/uploads\\\/2021\\\/10\\\/logo-feniks-thok.jpg\",\"width\":413,\"height\":413,\"caption\":\"Feniks Engineering\"},\"image\":{\"@id\":\"https:\\\/\\\/feniks-engineering.com\\\/#\\\/schema\\\/logo\\\/image\\\/\"},\"sameAs\":[\"https:\\\/\\\/in.linkedin.com\\\/company\\\/feniks-engineering\"]}]}<\/script>\n<!-- \/ Yoast SEO plugin. -->","yoast_head_json":{"title":"HomeHome - Feniks Engineering","robots":{"index":"index","follow":"follow","max-snippet":"max-snippet:-1","max-image-preview":"max-image-preview:large","max-video-preview":"max-video-preview:-1"},"canonical":"https:\/\/feniks-engineering.com\/","og_locale":"en_US","og_type":"article","og_title":"HomeHome - Feniks Engineering","og_url":"https:\/\/feniks-engineering.com\/","og_site_name":"Feniks Engineering","article_modified_time":"2025-04-25T10:39:09+00:00","twitter_card":"summary_large_image","twitter_misc":{"Est. reading time":"2 minutes"},"schema":{"@context":"https:\/\/schema.org","@graph":[{"@type":"WebPage","@id":"https:\/\/feniks-engineering.com\/","url":"https:\/\/feniks-engineering.com\/","name":"HomeHome - Feniks Engineering","isPartOf":{"@id":"https:\/\/feniks-engineering.com\/#website"},"datePublished":"2014-02-24T09:49:50+00:00","dateModified":"2025-04-25T10:39:09+00:00","breadcrumb":{"@id":"https:\/\/feniks-engineering.com\/#breadcrumb"},"inLanguage":"en-US","potentialAction":[{"@type":"ReadAction","target":["https:\/\/feniks-engineering.com\/"]}]},{"@type":"BreadcrumbList","@id":"https:\/\/feniks-engineering.com\/#breadcrumb","itemListElement":[{"@type":"ListItem","position":1,"name":"Home","item":"https:\/\/feniks-engineering.com\/"},{"@type":"ListItem","position":2,"name":"Home"}]},{"@type":"WebSite","@id":"https:\/\/feniks-engineering.com\/#website","url":"https:\/\/feniks-engineering.com\/","name":"Feniks Engineering","description":"Advice  Design  Solution","publisher":{"@id":"https:\/\/feniks-engineering.com\/#organization"},"potentialAction":[{"@type":"SearchAction","target":{"@type":"EntryPoint","urlTemplate":"https:\/\/feniks-engineering.com\/?s={search_term_string}"},"query-input":{"@type":"PropertyValueSpecification","valueRequired":true,"valueName":"search_term_string"}}],"inLanguage":"en-US"},{"@type":"Organization","@id":"https:\/\/feniks-engineering.com\/#organization","name":"Feniks Engineering","url":"https:\/\/feniks-engineering.com\/","logo":{"@type":"ImageObject","inLanguage":"en-US","@id":"https:\/\/feniks-engineering.com\/#\/schema\/logo\/image\/","url":"https:\/\/feniks-engineering.com\/wp-content\/uploads\/2021\/10\/logo-feniks-thok.jpg","contentUrl":"https:\/\/feniks-engineering.com\/wp-content\/uploads\/2021\/10\/logo-feniks-thok.jpg","width":413,"height":413,"caption":"Feniks Engineering"},"image":{"@id":"https:\/\/feniks-engineering.com\/#\/schema\/logo\/image\/"},"sameAs":["https:\/\/in.linkedin.com\/company\/feniks-engineering"]}]}},"_links":{"self":[{"href":"https:\/\/feniks-engineering.com\/wp-json\/wp\/v2\/pages\/4","targetHints":{"allow":["GET"]}}],"collection":[{"href":"https:\/\/feniks-engineering.com\/wp-json\/wp\/v2\/pages"}],"about":[{"href":"https:\/\/feniks-engineering.com\/wp-json\/wp\/v2\/types\/page"}],"author":[{"embeddable":true,"href":"https:\/\/feniks-engineering.com\/wp-json\/wp\/v2\/users\/1"}],"replies":[{"embeddable":true,"href":"https:\/\/feniks-engineering.com\/wp-json\/wp\/v2\/comments?post=4"}],"version-history":[{"count":78,"href":"https:\/\/feniks-engineering.com\/wp-json\/wp\/v2\/pages\/4\/revisions"}],"predecessor-version":[{"id":524,"href":"https:\/\/feniks-engineering.com\/wp-json\/wp\/v2\/pages\/4\/revisions\/524"}],"wp:attachment":[{"href":"https:\/\/feniks-engineering.com\/wp-json\/wp\/v2\/media?parent=4"}],"curies":[{"name":"wp","href":"https:\/\/api.w.org\/{rel}","templated":true}]}}